{"id":33,"date":"2026-03-06T07:40:57","date_gmt":"2026-03-06T06:40:57","guid":{"rendered":"https:\/\/airflow-hvac.be\/?page_id=33"},"modified":"2026-03-06T17:35:18","modified_gmt":"2026-03-06T16:35:18","slug":"home-attente","status":"publish","type":"page","link":"https:\/\/airflow-hvac.be\/","title":{"rendered":"Home &#8211; Attente"},"content":{"rendered":"\t\t<div data-elementor-type=\"wp-page\" data-elementor-id=\"33\" class=\"elementor elementor-33\" data-elementor-post-type=\"page\">\n\t\t\t\t<div class=\"elementor-element elementor-element-776f15b e-con-full e-flex e-con e-parent\" data-id=\"776f15b\" data-element_type=\"container\" data-e-type=\"container\" data-settings=\"{&quot;background_background&quot;:&quot;classic&quot;}\">\n\t\t<div class=\"elementor-element elementor-element-0909c54 e-con-full e-flex e-con e-child\" data-id=\"0909c54\" data-element_type=\"container\" data-e-type=\"container\" data-settings=\"{&quot;background_background&quot;:&quot;classic&quot;}\">\n\t\t<div class=\"elementor-element elementor-element-270e252 e-con-full e-flex e-con e-child\" data-id=\"270e252\" data-element_type=\"container\" data-e-type=\"container\">\n\t\t\t\t<div class=\"elementor-element elementor-element-7d086cb elementor-widget elementor-widget-theme-site-logo elementor-widget-image\" data-id=\"7d086cb\" data-element_type=\"widget\" data-e-type=\"widget\" data-widget_type=\"theme-site-logo.default\">\n\t\t\t\t\t\t\t\t\t\t\t<a href=\"https:\/\/airflow-hvac.be\">\n\t\t\t<img fetchpriority=\"high\" decoding=\"async\" width=\"2135\" height=\"366\" src=\"https:\/\/airflow-hvac.be\/wp-content\/uploads\/2025\/10\/logo-primary-2025-10-17-1.png\" class=\"attachment-full size-full wp-image-16\" alt=\"Airflow - Installateur HVAC\" srcset=\"https:\/\/airflow-hvac.be\/wp-content\/uploads\/2025\/10\/logo-primary-2025-10-17-1.png 2135w, https:\/\/airflow-hvac.be\/wp-content\/uploads\/2025\/10\/logo-primary-2025-10-17-1-300x51.png 300w, https:\/\/airflow-hvac.be\/wp-content\/uploads\/2025\/10\/logo-primary-2025-10-17-1-1024x176.png 1024w, https:\/\/airflow-hvac.be\/wp-content\/uploads\/2025\/10\/logo-primary-2025-10-17-1-768x132.png 768w, https:\/\/airflow-hvac.be\/wp-content\/uploads\/2025\/10\/logo-primary-2025-10-17-1-1536x263.png 1536w, https:\/\/airflow-hvac.be\/wp-content\/uploads\/2025\/10\/logo-primary-2025-10-17-1-2048x351.png 2048w\" sizes=\"(max-width: 2135px) 100vw, 2135px\" \/>\t\t\t\t<\/a>\n\t\t\t\t\t\t\t\t\t\t\t<\/div>\n\t\t\t\t<\/div>\n\t\t<div class=\"elementor-element elementor-element-3cde67c e-con-full e-flex e-con e-child\" data-id=\"3cde67c\" data-element_type=\"container\" data-e-type=\"container\">\n\t\t\t\t<div class=\"elementor-element elementor-element-279561b elementor-widget elementor-widget-heading\" data-id=\"279561b\" data-element_type=\"widget\" data-e-type=\"widget\" data-widget_type=\"heading.default\">\n\t\t\t\t\t<h2 class=\"elementor-heading-title elementor-size-default\">Les bons conseils forgent <br>des relations de travail durables<\/h2>\t\t\t\t<\/div>\n\t\t\t\t<div class=\"elementor-element elementor-element-08c3ad1 elementor-widget elementor-widget-text-editor\" data-id=\"08c3ad1\" data-element_type=\"widget\" data-e-type=\"widget\" data-widget_type=\"text-editor.default\">\n\t\t\t\t\t\t\t\t\t<p>Installation, entretien et d\u00e9pannage de syst\u00e8mes HVAC :<br \/>ventilation, climatisation et pompe \u00e0 chaleur.<\/p>\t\t\t\t\t\t\t\t<\/div>\n\t\t\t\t<\/div>\n\t\t<div class=\"elementor-element elementor-element-99b8dc0 e-flex e-con-boxed e-con e-child\" data-id=\"99b8dc0\" data-element_type=\"container\" data-e-type=\"container\">\n\t\t\t\t\t<div class=\"e-con-inner\">\n\t\t<div class=\"elementor-element elementor-element-ba4829e e-con-full e-flex e-con e-child\" data-id=\"ba4829e\" data-element_type=\"container\" data-e-type=\"container\" data-settings=\"{&quot;background_background&quot;:&quot;classic&quot;}\">\n\t\t<div class=\"elementor-element elementor-element-4126344 e-con-full e-flex e-con e-child\" data-id=\"4126344\" data-element_type=\"container\" data-e-type=\"container\">\n\t\t\t\t<div class=\"elementor-element elementor-element-aacd26b elementor-widget elementor-widget-heading\" data-id=\"aacd26b\" data-element_type=\"widget\" data-e-type=\"widget\" data-widget_type=\"heading.default\">\n\t\t\t\t\t<h2 class=\"elementor-heading-title elementor-size-default\">Contact<\/h2>\t\t\t\t<\/div>\n\t\t\t\t<div class=\"elementor-element elementor-element-8e66fe4 elementor-align-center elementor-icon-list--layout-traditional elementor-list-item-link-full_width elementor-widget elementor-widget-icon-list\" data-id=\"8e66fe4\" data-element_type=\"widget\" data-e-type=\"widget\" data-widget_type=\"icon-list.default\">\n\t\t\t\t\t\t\t<ul class=\"elementor-icon-list-items\">\n\t\t\t\t\t\t\t<li class=\"elementor-icon-list-item\">\n\t\t\t\t\t\t\t\t\t\t<span class=\"elementor-icon-list-text\">Jean-Denis MARCHANT<\/span>\n\t\t\t\t\t\t\t\t\t<\/li>\n\t\t\t\t\t\t\t\t<li class=\"elementor-icon-list-item\">\n\t\t\t\t\t\t\t\t\t\t<span class=\"elementor-icon-list-text\">+32 498 12 66 32<\/span>\n\t\t\t\t\t\t\t\t\t<\/li>\n\t\t\t\t\t\t\t\t<li class=\"elementor-icon-list-item\">\n\t\t\t\t\t\t\t\t\t\t<span class=\"elementor-icon-list-text\">info@airflow-hvac.be<\/span>\n\t\t\t\t\t\t\t\t\t<\/li>\n\t\t\t\t\t\t<\/ul>\n\t\t\t\t\t\t<\/div>\n\t\t\t\t<\/div>\n\t\t\t\t<\/div>\n\t\t\t\t<div class=\"elementor-element elementor-element-3fc8313 elementor-widget elementor-widget-image\" data-id=\"3fc8313\" data-element_type=\"widget\" data-e-type=\"widget\" data-widget_type=\"image.default\">\n\t\t\t\t\t\t\t\t\t\t\t\t\t\t\t<img decoding=\"async\" width=\"800\" height=\"613\" src=\"https:\/\/airflow-hvac.be\/wp-content\/uploads\/2026\/03\/Logo-Standbyme-daikin-vertical_RGB-1024x784.png\" class=\"attachment-large size-large wp-image-96\" alt=\"\" srcset=\"https:\/\/airflow-hvac.be\/wp-content\/uploads\/2026\/03\/Logo-Standbyme-daikin-vertical_RGB-1024x784.png 1024w, https:\/\/airflow-hvac.be\/wp-content\/uploads\/2026\/03\/Logo-Standbyme-daikin-vertical_RGB-300x230.png 300w, https:\/\/airflow-hvac.be\/wp-content\/uploads\/2026\/03\/Logo-Standbyme-daikin-vertical_RGB-768x588.png 768w, https:\/\/airflow-hvac.be\/wp-content\/uploads\/2026\/03\/Logo-Standbyme-daikin-vertical_RGB.png 1322w\" sizes=\"(max-width: 800px) 100vw, 800px\" \/>\t\t\t\t\t\t\t\t\t\t\t\t\t\t\t<\/div>\n\t\t\t\t\t<\/div>\n\t\t\t\t<\/div>\n\t\t\t\t<\/div>\n\t\t<div class=\"elementor-element elementor-element-18854f8 e-con-full e-flex e-con e-child\" data-id=\"18854f8\" data-element_type=\"container\" data-e-type=\"container\" data-settings=\"{&quot;background_background&quot;:&quot;classic&quot;,&quot;sticky&quot;:&quot;top&quot;,&quot;sticky_on&quot;:[&quot;desktop&quot;,&quot;tablet&quot;],&quot;sticky_offset&quot;:0,&quot;sticky_effects_offset&quot;:0,&quot;sticky_anchor_link_offset&quot;:0}\">\n\t\t\t\t<div class=\"elementor-element elementor-element-2e0df20 elementor-widget elementor-widget-spacer\" data-id=\"2e0df20\" data-element_type=\"widget\" data-e-type=\"widget\" data-widget_type=\"spacer.default\">\n\t\t\t\t\t\t\t<div class=\"elementor-spacer\">\n\t\t\t<div class=\"elementor-spacer-inner\"><\/div>\n\t\t<\/div>\n\t\t\t\t\t\t<\/div>\n\t\t\t\t<\/div>\n\t\t\t\t<\/div>\n\t\t\t\t<\/div>\n\t\t","protected":false},"excerpt":{"rendered":"<p>Les bons conseils forgent des relations de travail durables Installation, entretien et d\u00e9pannage de syst\u00e8mes HVAC :ventilation, climatisation et pompe \u00e0 chaleur. Contact Jean-Denis MARCHANT +32 498 12 66 32 info@airflow-hvac.be<\/p>\n","protected":false},"author":1,"featured_media":0,"parent":0,"menu_order":0,"comment_status":"closed","ping_status":"closed","template":"","meta":{"footnotes":""},"class_list":["post-33","page","type-page","status-publish","hentry"],"_links":{"self":[{"href":"https:\/\/airflow-hvac.be\/index.php\/wp-json\/wp\/v2\/pages\/33","targetHints":{"allow":["GET"]}}],"collection":[{"href":"https:\/\/airflow-hvac.be\/index.php\/wp-json\/wp\/v2\/pages"}],"about":[{"href":"https:\/\/airflow-hvac.be\/index.php\/wp-json\/wp\/v2\/types\/page"}],"author":[{"embeddable":true,"href":"https:\/\/airflow-hvac.be\/index.php\/wp-json\/wp\/v2\/users\/1"}],"replies":[{"embeddable":true,"href":"https:\/\/airflow-hvac.be\/index.php\/wp-json\/wp\/v2\/comments?post=33"}],"version-history":[{"count":52,"href":"https:\/\/airflow-hvac.be\/index.php\/wp-json\/wp\/v2\/pages\/33\/revisions"}],"predecessor-version":[{"id":99,"href":"https:\/\/airflow-hvac.be\/index.php\/wp-json\/wp\/v2\/pages\/33\/revisions\/99"}],"wp:attachment":[{"href":"https:\/\/airflow-hvac.be\/index.php\/wp-json\/wp\/v2\/media?parent=33"}],"curies":[{"name":"wp","href":"https:\/\/api.w.org\/{rel}","templated":true}]}}